{"id":3117,"date":"2018-06-06T00:36:20","date_gmt":"2018-06-06T00:36:20","guid":{"rendered":"https:\/\/www.ccaward.com\/about\/"},"modified":"2018-11-12T17:30:44","modified_gmt":"2018-11-12T22:30:44","slug":"about","status":"publish","type":"page","link":"https:\/\/www.ccaward.com\/fr\/about\/","title":{"rendered":"\u00c0 propos"},"content":{"rendered":"<p>[vc_row][vc_column][basic_container container_size=&#8221;container container-narrow&#8221;][vc_column_text]<\/p>\n<h2>Le Prix Choix du Consommateur a \u00e9t\u00e9 cr\u00e9\u00e9 en 1987 avec pour seul objectif de reconna\u00eetre l\u2019excellence en affaires des petites et moyennes entreprises.<\/h2>\n<p>Aujourd\u2019hui, nous sommes la seule organisation canadienne \u00e0 mener des sondages ind\u00e9pendants de recherche sur les march\u00e9s afin de d\u00e9terminer la r\u00e9putation de la marque, la satisfaction de la client\u00e8le et l\u2019excellence en affaires.<\/p>\n<p>Ainsi, nous s\u00e9lectionnons les gagnants selon un processus exclusif de classement en quatre \u00e9tapes afin de montrer aux consommateurs quels sont les meilleurs fournisseurs de services et entreprises dans chaque cat\u00e9gorie d\u2019affaires.<\/p>\n<h3>Les r\u00e9cipiendaires du Prix du Choix du Consommateur ne sont pas choisis par un comit\u00e9 de juges mais par le Consommateur.<\/h3>\n<p>[\/vc_column_text][\/basic_container][\/vc_column][\/vc_row][vc_row][vc_column][basic_container container_size=&#8221;container container-narrow&#8221;][vc_column_text]<img loading=\"lazy\" decoding=\"async\" class=\"wp-image-5205 size-mobile-lg alignleft\" src=\"https:\/\/www.ccaward.com\/app\/uploads\/2018\/10\/Tueasday-Sunday-500x300.jpg\" alt=\"\" width=\"500\" height=\"300\" \/>Aucun autre prix nord-am\u00e9ricain ne mesure au m\u00eame niveau l\u2019opinion des consommateurs et des entreprises dans les march\u00e9s o\u00f9 il est pr\u00e9sent.<\/p>\n<p>Actuellement, vous trouverez les gagnants du Prix Choix du Consommateur dans 16 grands centres m\u00e9tropolitains du Canada, d\u2019un oc\u00e9an \u00e0 l\u2019autre. Nous continuons \u00e0 cro\u00eetre, ainsi nous esp\u00e9rons que vous profiterez des produits et services sup\u00e9rieurs fournis par les r\u00e9cipiendaires du Prix Choix du Consommateur dans votre communaut\u00e9.[\/vc_column_text][\/basic_container][\/vc_column][\/vc_row][vc_row][vc_column][basic_container container_size=&#8221;container container-narrow&#8221;][vc_column_text]Vous pouvez vous fier \u00e0 notre sceau de reconnaissance quand vous voulez minimiser votre risque d\u2019achat, lorsque le co\u00fbt est relativement \u00e9lev\u00e9 ou si vous ne connaissez pas tr\u00e8s bien les services que vous recherchez. Au final, le Prix Choix du Consommateur constitue un point de r\u00e9f\u00e9rence dans votre recherche du fournisseur optimal pour le service dont vous avez besoin.<\/p>\n<p>En plus de d\u00e9cerner le Prix Choix du Consommateur aux entreprises, nous leur offrons l&#8217;occasion de tirer le maximum de leur statut de gagnant avec un \u00e9ventail d\u2019initiatives de marketing con\u00e7ues pour optimiser leur reconnaissance aupr\u00e8s du public et de la communaut\u00e9 d\u2019affaires.[\/vc_column_text][\/basic_container][\/vc_column][\/vc_row][vc_row][vc_column][basic_container container_size=&#8221;container-fluid&#8221; bg_type=&#8221;solid&#8221; bg_overlay=&#8221;overlay-light&#8221; bg_color=&#8221;bg-light&#8221;][generic-carousel items=&#8221;1&#8243;]\t<div class=\"testimonial\">\n\t\t<div class=\"container container-narrow\">\n\t\t\t<div class=\"testimonial-container text-left\">\n\t\t\t\t\t\t\t\t<div class=\"testimonial-content\">\n\t\t\t\t\t\t\t\t\t\t\t<div class=\"testimonial-content-quote\">\n\t\t\t\t\t\t\t<p>\u00ab \u2026 it is a very recognizable symbol, it shows that we are a cut above the rest and it assures our clients that they are making a smart choice by choosing us for business \u00bb<\/p>\n\t\t\t\t\t\t<\/div>\n\t\t\t\t\t\t\t\t\t\t\t\t\t\t\t<p class=\"testimonial-content-author-name\">\n\t\t\t\t\t\tHaley Anderson,\t\t\t\t\t\t\t\t\t\t\t\t\t<span class=\"testimonial-content-author-location\">Licensed Insurance Broker & Marketing Director  - ABC Insurance \u2013 Halifax<\/span>\n\t\t\t\t\t\t\t\t\t\t\t<\/p>\n\t\t\t\t<\/div>\n\t\t\t<\/div>\n\t\t<\/div>\n\t<\/div>\n\t<div class=\"testimonial\">\n\t\t<div class=\"container container-narrow\">\n\t\t\t<div class=\"testimonial-container text-left\">\n\t\t\t\t\t\t\t\t<div class=\"testimonial-content\">\n\t\t\t\t\t\t\t\t\t\t\t<div class=\"testimonial-content-quote\">\n\t\t\t\t\t\t\t<p>It helps inform and reassure consumers that they will be getting a great service or product for their dollar.<\/p>\n\t\t\t\t\t\t<\/div>\n\t\t\t\t\t\t\t\t\t\t\t\t\t\t\t<p class=\"testimonial-content-author-name\">\n\t\t\t\t\t\tBody Renovation Centre,\t\t\t\t\t\t\t\t\t\t\t\t\t<span class=\"testimonial-content-author-location\">Edmonton, Alberta<\/span>\n\t\t\t\t\t\t\t\t\t\t\t<\/p>\n\t\t\t\t<\/div>\n\t\t\t<\/div>\n\t\t<\/div>\n\t<\/div>\n\t<div class=\"testimonial\">\n\t\t<div class=\"container container-narrow\">\n\t\t\t<div class=\"testimonial-container text-left\">\n\t\t\t\t\t\t\t\t<div class=\"testimonial-content\">\n\t\t\t\t\t\t\t\t\t\t\t<div class=\"testimonial-content-quote\">\n\t\t\t\t\t\t\t<p>We like being the Consumer Choice Award winners because it is an unbiased and honest evaluation of our business and it reassures our patients that they have chosen the best in class within our category - not based on what we say about ourselves but based on actual consumers and their feedback.<\/p>\n\t\t\t\t\t\t<\/div>\n\t\t\t\t\t\t\t\t\t\t\t\t\t\t\t<p class=\"testimonial-content-author-name\">\n\t\t\t\t\t\tDenton Denture & Implant Clinic,\t\t\t\t\t\t\t\t\t\t\t\t\t<span class=\"testimonial-content-author-location\">Edmonton<\/span>\n\t\t\t\t\t\t\t\t\t\t\t<\/p>\n\t\t\t\t<\/div>\n\t\t\t<\/div>\n\t\t<\/div>\n\t<\/div>\n\t<div class=\"testimonial\">\n\t\t<div class=\"container container-narrow\">\n\t\t\t<div class=\"testimonial-container text-left\">\n\t\t\t\t\t\t\t\t<div class=\"testimonial-content\">\n\t\t\t\t\t\t\t\t\t\t\t<div class=\"testimonial-content-quote\">\n\t\t\t\t\t\t\t<p>\u00ab  \u2026 Being a Consumer Choice Award winner means a lot to us and especially, our consumers! \u2026 Thanks to the CCA's recognition, we can show off their seal of business excellence in all of our advertising to ensure consumers they will receive the most outstanding service in our field\u2026 we hope to continue working with such a prestigious company for the many years to come!<\/p>\n\t\t\t\t\t\t<\/div>\n\t\t\t\t\t\t\t\t\t\t\t\t\t\t\t<p class=\"testimonial-content-author-name\">\n\t\t\t\t\t\tBudget Blinds,\t\t\t\t\t\t\t\t\t\t\t\t\t<span class=\"testimonial-content-author-location\">Edmonton<\/span>\n\t\t\t\t\t\t\t\t\t\t\t<\/p>\n\t\t\t\t<\/div>\n\t\t\t<\/div>\n\t\t<\/div>\n\t<\/div>\n\t<div class=\"testimonial\">\n\t\t<div class=\"container container-narrow\">\n\t\t\t<div class=\"testimonial-container text-left\">\n\t\t\t\t\t\t\t\t<div class=\"testimonial-content\">\n\t\t\t\t\t\t\t\t\t\t\t<div class=\"testimonial-content-quote\">\n\t\t\t\t\t\t\t<p>J'aime la possibilit\u00e9 de r\u00e9seautage \u00e0 chaque ann\u00e9e! C'est bien de rencontrer les autres entreprises gagnantes!<\/p>\n\t\t\t\t\t\t<\/div>\n\t\t\t\t\t\t\t\t\t\t\t\t\t\t\t<p class=\"testimonial-content-author-name\">\n\t\t\t\t\t\tM\u00e9lijade Rodrigue,\t\t\t\t\t\t\t\t\t\t\t\t\t<span class=\"testimonial-content-author-location\">Directrice des communications et du marketing (L\u00e9pine Cloutier\/ Athos - Qu\u00e9bec)<\/span>\n\t\t\t\t\t\t\t\t\t\t\t<\/p>\n\t\t\t\t<\/div>\n\t\t\t<\/div>\n\t\t<\/div>\n\t<\/div>\n\t<div class=\"testimonial\">\n\t\t<div class=\"container container-narrow\">\n\t\t\t<div class=\"testimonial-container text-left\">\n\t\t\t\t\t\t\t\t<div class=\"testimonial-content\">\n\t\t\t\t\t\t\t\t\t\t\t<div class=\"testimonial-content-quote\">\n\t\t\t\t\t\t\t<p>Being a Consumer Choice winner has allowed us to set our team apart in a new way! The marketing initiatives are a great compliment to our branding efforts, and help drive recognition of our team and brand in the area!<\/p>\n\t\t\t\t\t\t<\/div>\n\t\t\t\t\t\t\t\t\t\t\t\t\t\t\t<p class=\"testimonial-content-author-name\">\n\t\t\t\t\t\tThe Valko Team,\t\t\t\t\t\t\t\t\t\t\t\t\t<span class=\"testimonial-content-author-location\">Mortgage Broker - Waterloo Region<\/span>\n\t\t\t\t\t\t\t\t\t\t\t<\/p>\n\t\t\t\t<\/div>\n\t\t\t<\/div>\n\t\t<\/div>\n\t<\/div>\n\t<div class=\"testimonial\">\n\t\t<div class=\"container container-narrow\">\n\t\t\t<div class=\"testimonial-container text-left\">\n\t\t\t\t\t\t\t\t<div class=\"testimonial-content\">\n\t\t\t\t\t\t\t\t\t\t\t<div class=\"testimonial-content-quote\">\n\t\t\t\t\t\t\t<p>We love being a Consumer Choice Award winner! It gives our customers confidence in our business and sets us apart from the competition. It's great for marketing, both in print and on social media.<\/p>\n\t\t\t\t\t\t<\/div>\n\t\t\t\t\t\t\t\t\t\t\t\t\t\t\t<p class=\"testimonial-content-author-name\">\n\t\t\t\t\t\tPro Image Gutters,\t\t\t\t\t\t\t\t\t\t\t\t\t<span class=\"testimonial-content-author-location\">Vancouver <\/span>\n\t\t\t\t\t\t\t\t\t\t\t<\/p>\n\t\t\t\t<\/div>\n\t\t\t<\/div>\n\t\t<\/div>\n\t<\/div>\n\t<div class=\"testimonial\">\n\t\t<div class=\"container container-narrow\">\n\t\t\t<div class=\"testimonial-container text-left\">\n\t\t\t\t\t\t\t\t<div class=\"testimonial-content\">\n\t\t\t\t\t\t\t\t\t\t\t<div class=\"testimonial-content-quote\">\n\t\t\t\t\t\t\t<p>Consumer Choice Awards have provided us the tools to spread awareness about our brand and business. It's amazing to be recognized as one of the top-ranked service providers in Vancouver. It's authentic and inspiring!<\/p>\n\t\t\t\t\t\t<\/div>\n\t\t\t\t\t\t\t\t\t\t\t\t\t\t\t<p class=\"testimonial-content-author-name\">\n\t\t\t\t\t\tIntegrative Naturopathic Medical Centre,\t\t\t\t\t\t\t\t\t\t\t\t\t<span class=\"testimonial-content-author-location\">Vancouver<\/span>\n\t\t\t\t\t\t\t\t\t\t\t<\/p>\n\t\t\t\t<\/div>\n\t\t\t<\/div>\n\t\t<\/div>\n\t<\/div>\n[\/generic-carousel][\/basic_container][\/vc_column][\/vc_row][vc_row][vc_column]\t<div class=\"row\" >\n\t\t<div class=\"general-cta center content-left  image \"  style=\"background-image: url(https:\/\/www.ccaward.com\/app\/uploads\/2018\/10\/Shop_test-2-1860x629.jpg)\" data-src=\"<380:https:\/\/www.ccaward.com\/app\/uploads\/2018\/10\/Shop_test-2-380x300.jpg,<500:https:\/\/www.ccaward.com\/app\/uploads\/2018\/10\/Shop_test-2-500x300.jpg,<768:https:\/\/www.ccaward.com\/app\/uploads\/2018\/10\/Shop_test-2-768x500.jpg,<992:https:\/\/www.ccaward.com\/app\/uploads\/2018\/10\/Shop_test-2-992x3090.jpg,<1200:https:\/\/www.ccaward.com\/app\/uploads\/2018\/10\/Shop_test-2-1200x3090.jpg,>1200:https:\/\/www.ccaward.com\/app\/uploads\/2018\/10\/Shop_test-2-1860x629.jpg\">\n\t\t\t\t\t\t<div class=\"general-cta-overlay overlay-secondary\"><\/div>\n\t\t\t\t\t\t\t<div class=\"container container-narrow\">\n\t\t\t\t\t\t\t<div class=\"row\">\n\t\t\t\t\t<div class=\"general-cta-box\">\n\t\t\t\t\t\t\t\t\t\t\t\t\t\t\t\t\t\t\t\t\t\t\t\t\t<div class=\"general-cta-content\">\n\t\t\t\t\t\t\t\t<h2>Le Prix Choix du Consommateur est une reconnaissance \u00e0 laquelle vous pouvez vous fier.<\/h2>\n<h3>Vos votes. Vos gagnants.<\/h3>\n\t\t\t\t\t\t\t<\/div>\n\t\t\t\t\t\t\t\t\t\t\t\t\t\t\t\t\t\t\t<div class=\"general-cta-button\">\n\t\t\t\t\t\t\t\t<a href=\"https:\/\/www.ccaward.com\/award-winners\/\" target=\"\" class=\"btn btn-primary \" title=\"En savoir plus\">\n\t\t\t\t\t\t\t\t\tEn savoir plus\t\t\t\t\t\t\t\t<\/a>\n\t\t\t\t\t\t\t<\/div>\n\t\t\t\t\t    \t\t\t\t\t<\/div>\n\t\t\t\t<\/div>\n\t\t\t<\/div>\n\t\t<\/div>\n\t<\/div>\n[\/vc_column][\/vc_row]<\/p>\n","protected":false},"excerpt":{"rendered":"<p>[vc_row][vc_column][basic_container container_size=&#8221;container container-narrow&#8221;][vc_column_text]<\/p>\n<p> Le Prix Choix du Consommateur a \u00e9t\u00e9 cr\u00e9\u00e9 en 1987 avec pour seul objectif de reconna\u00eetre l\u2019excellence en affaires des petites et moyennes entreprises. <\/p>\n<p>Aujourd\u2019hui, nous sommes la seule organisation canadienne \u00e0 mener des sondages ind\u00e9pendants de &hellip; [&#8230;]<\/p>\n","protected":false},"author":1,"featured_media":5203,"parent":0,"menu_order":50,"comment_status":"closed","ping_status":"closed","template":"","meta":{"content-type":"","footnotes":""},"class_list":["post-3117","page","type-page","status-publish","has-post-thumbnail","hentry"],"_links":{"self":[{"href":"https:\/\/www.ccaward.com\/fr\/wp-json\/wp\/v2\/pages\/3117","targetHints":{"allow":["GET"]}}],"collection":[{"href":"https:\/\/www.ccaward.com\/fr\/wp-json\/wp\/v2\/pages"}],"about":[{"href":"https:\/\/www.ccaward.com\/fr\/wp-json\/wp\/v2\/types\/page"}],"author":[{"embeddable":true,"href":"https:\/\/www.ccaward.com\/fr\/wp-json\/wp\/v2\/users\/1"}],"replies":[{"embeddable":true,"href":"https:\/\/www.ccaward.com\/fr\/wp-json\/wp\/v2\/comments?post=3117"}],"version-history":[{"count":10,"href":"https:\/\/www.ccaward.com\/fr\/wp-json\/wp\/v2\/pages\/3117\/revisions"}],"predecessor-version":[{"id":9527,"href":"https:\/\/www.ccaward.com\/fr\/wp-json\/wp\/v2\/pages\/3117\/revisions\/9527"}],"wp:featuredmedia":[{"embeddable":true,"href":"https:\/\/www.ccaward.com\/fr\/wp-json\/wp\/v2\/media\/5203"}],"wp:attachment":[{"href":"https:\/\/www.ccaward.com\/fr\/wp-json\/wp\/v2\/media?parent=3117"}],"curies":[{"name":"wp","href":"https:\/\/api.w.org\/{rel}","templated":true}]}}