{"id":3118,"date":"2018-06-06T00:36:20","date_gmt":"2018-06-06T00:36:20","guid":{"rendered":"https:\/\/www.ccaward.com\/advantages\/"},"modified":"2021-02-09T20:06:10","modified_gmt":"2021-02-10T01:06:10","slug":"advantages","status":"publish","type":"page","link":"https:\/\/www.ccaward.com\/fr\/advantages\/","title":{"rendered":"Avantages"},"content":{"rendered":"<p>[vc_row][vc_column][basic_container container_size=&#8221;container container-narrow&#8221;][vc_empty_space][vc_column_text]Le Prix Choix du Consommateur est plus qu\u2019une entreprise de remise de prix. Il s\u2019agit d\u2019un organisme qui aide les gagnants \u00e0 raconter leur histoire, pr\u00e9senter leurs succ\u00e8s, promouvoir leur marque et accro\u00eetre leurs profits. Ces avantages sont r\u00e9serv\u00e9s aux gagnants du Prix Choix du Consommateur.[\/vc_column_text][\/basic_container][\/vc_column][\/vc_row][vc_row][vc_column][informational_container]<div class=\"informational-item\" >\n\t\t<div class=\"container container-narrow informationals-item-inner\">\n\t\t<div class=\"informationals-item-content\">\n\t\t\t<h2 class=\"informationals-item-heading\">Un diff\u00e9renciateur sans pareil<\/h2>\n\t\t\t\t\t<\/div>\n\n\t<\/div>\n<\/div>\n<div class=\"alternating-content-item-wrapper transparent\">\n\t<div class=\"container container-narrow\">\t\t\t\t\t\t<div class=\"alternating-content-item-image start-bg-center show-image\" ><img decoding=\"async\" src=\"https:\/\/www.ccaward.com\/app\/uploads\/2018\/10\/iStock-184923235-1-2.jpg\" alt=\"decorative image\"><\/div>\n\t\t\t\t\t<div class=\"alternating-content-item-content-container\">\n\t\t\t\t<div class=\"alternating-content-item-inner\">\n\t\t\t\t\t\t\t\t\t\t\t\t\t\t\t\t<div class=\"alternating-content-item-content\">\n\t\t\t\t\t\t\t<p>Vous avez \u00e9t\u00e9 choisis et pouvez maintenant acc\u00e9der au plus grand diff\u00e9renciateur qu\u2019une entreprise peut poss\u00e9der, soit le symbole d&#8217;excellence du Prix du Choix du Consommateur. Contrairement aux autres programmes de remise de prix, il n\u2019y a qu\u2019un seul gagnant dans votre cat\u00e9gorie. Aucune autre entreprise de votre cat\u00e9gorie ne peut pr\u00e9tendre que les consommateurs l\u2019ont d\u00e9clar\u00e9e meilleure entreprise de votre ville. Le symbole du PCC instantan\u00e9ment reconnaissable peut vous distinguer dans un march\u00e9 tr\u00e8s satur\u00e9.<\/p>\n<p>Le logo Prix Choix du Consommateur diff\u00e9rencie votre entreprise de tous ses concurrents, car il n\u2019y a qu\u2019un seul gagnant dans chaque cat\u00e9gorie. Vous ne pouvez trouver un meilleur diff\u00e9renciateur.<\/p>\n\t\t\t\t\t\t<\/div>\n\t\t\t\t\t\t\t\t\t\t\t\t\t\t<\/div>\n\t\t\t<\/div>\n\t\t<\/div>\n<\/div>\n<div class=\"informational-item bg-light\" >\n\t\t<div class=\"container container-narrow informationals-item-inner\">\n\t\t<div class=\"informationals-item-content\">\n\t\t\t<h2 class=\"informationals-item-heading\">Renforcement de la d\u00e9cision d\u2019achat<\/h2>\n\t\t\t\t\t<\/div>\n\n\t<\/div>\n<\/div>\n<div class=\"alternating-content-item-wrapper bg-light\">\n\t<div class=\"container container-narrow\">\t\t\t\t\t\t<div class=\"alternating-content-item-image start-bg-center show-image\" ><img decoding=\"async\" src=\"https:\/\/www.ccaward.com\/app\/uploads\/2018\/10\/Creditcard-1-1024x737.jpg\" alt=\"decorative image\"><\/div>\n\t\t\t\t\t<div class=\"alternating-content-item-content-container\">\n\t\t\t\t<div class=\"alternating-content-item-inner\">\n\t\t\t\t\t\t\t\t\t\t\t\t\t\t\t\t<div class=\"alternating-content-item-content\">\n\t\t\t\t\t\t\t<p>Lors du choix d\u2019un fournisseur de services, les consommateurs accorderont toujours plus d\u2019importance \u00e0 la r\u00e9putation qu\u2019au prix. Associer votre marque au logo du PCC am\u00e9liore votre image et instaure la confiance aupr\u00e8s des consommateurs.<\/p>\n<p>Le Prix Choix du Consommateur r\u00e9compense VOS efforts et informe VOS clients et concurrents que vous repr\u00e9sentez l\u2019excellence dans tout ce que vous faites.<\/p>\n\t\t\t\t\t\t<\/div>\n\t\t\t\t\t\t\t\t\t\t\t\t\t\t<\/div>\n\t\t\t<\/div>\n\t\t<\/div>\n<\/div>\n<div class=\"informational-item\" >\n\t\t<div class=\"container container-narrow informationals-item-inner\">\n\t\t<div class=\"informationals-item-content\">\n\t\t\t<h2 class=\"informationals-item-heading\">Racontez-nous votre histoire!<\/h2>\n\t\t\t\t\t<\/div>\n\n\t<\/div>\n<\/div>\n<div class=\"alternating-content-item-wrapper transparent\">\n\t<div class=\"container container-narrow\">\t\t\t\t\t\t<div class=\"alternating-content-item-image start-bg-center show-image\" ><img decoding=\"async\" src=\"https:\/\/www.ccaward.com\/app\/uploads\/2018\/07\/Workshop-1024x683.png\" alt=\"decorative image\"><\/div>\n\t\t\t\t\t<div class=\"alternating-content-item-content-container\">\n\t\t\t\t<div class=\"alternating-content-item-inner\">\n\t\t\t\t\t\t\t\t\t\t\t\t\t\t\t\t<div class=\"alternating-content-item-content\">\n\t\t\t\t\t\t\t<p>La marque de commerce PCC est plus qu\u2019une d\u00e9signation. Elle vous offre l\u2019occasion de diff\u00e9rencier votre entreprise. Vous avez maintenant un message puissant \u00e0 partager et le PCC vous permettra de le faire. Nous vous aiderons \u00e0 tirer profit du plus grand diff\u00e9renciateur que vous pouvez recevoir, \u00e0 faire cro\u00eetre votre entreprise et \u00e0 continuer d\u2019\u00eatre reconnu comme le meilleur choix qu\u2019un consommateur puisse effectuer.<\/p>\n\t\t\t\t\t\t<\/div>\n\t\t\t\t\t\t\t\t\t\t\t\t\t\t<\/div>\n\t\t\t<\/div>\n\t\t<\/div>\n<\/div>\n[\/informational_container][\/vc_column][\/vc_row][vc_row][vc_column][basic_container container_size=&#8221;container container-narrow&#8221;][vc_column_text]<\/p>\n<h4>Beaucoup plus qu\u2019un insigne d\u2019honneur. Recevoir le prestigieux Prix Choix du Consommateur ouvre la porte \u00e0 une foule de possibilit\u00e9s auxquelles vos concurrents n\u2019ont pas acc\u00e8s.<\/h4>\n<p>Les occasions promotionnelles avant-gardistes qui vous sont maintenant accessibles \u00e0 titre de gagnant sont in\u00e9gal\u00e9es. Profitez-en pour afficher le symbole d\u2019excellence qui fait maintenant partie de l\u2019identit\u00e9 de votre entreprise, puis utilisez le PCC et tous ses outils de marketing au cours de la prochaine ann\u00e9e.[\/vc_column_text][\/basic_container][\/vc_column][\/vc_row][vc_row][vc_column][vc_empty_space][\/vc_column][\/vc_row][vc_row][vc_column]\t<div class=\"row\" >\n\t\t<div class=\"general-cta center content-left  image \"  style=\"background-image: url(https:\/\/www.ccaward.com\/app\/uploads\/2018\/07\/iStock-844591436-1407x629.jpg)\" data-src=\"<380:https:\/\/www.ccaward.com\/app\/uploads\/2018\/07\/iStock-844591436-380x300.jpg,<500:https:\/\/www.ccaward.com\/app\/uploads\/2018\/07\/iStock-844591436-500x300.jpg,<768:https:\/\/www.ccaward.com\/app\/uploads\/2018\/07\/iStock-844591436-768x500.jpg,<992:https:\/\/www.ccaward.com\/app\/uploads\/2018\/07\/iStock-844591436-992x745.jpg,<1200:https:\/\/www.ccaward.com\/app\/uploads\/2018\/07\/iStock-844591436-1200x745.jpg,>1200:https:\/\/www.ccaward.com\/app\/uploads\/2018\/07\/iStock-844591436-1407x629.jpg\">\n\t\t\t\t\t\t<div class=\"general-cta-overlay overlay-secondary\"><\/div>\n\t\t\t\t\t\t\t<div class=\"container container-narrow\">\n\t\t\t\t\t\t\t<div class=\"row\">\n\t\t\t\t\t<div class=\"general-cta-box\">\n\t\t\t\t\t\t\t\t\t\t\t\t\t\t\t\t\t\t\t\t\t\t\t\t\t<div class=\"general-cta-content\">\n\t\t\t\t\t\t\t\t<h2>Nous nous r\u00e9jouissons d\u2019aller encore plus loin avec vous!<\/h2>\n\t\t\t\t\t\t\t<\/div>\n\t\t\t\t\t\t\t\t\t\t\t\t\t\t\t\t\t\t\t<div class=\"general-cta-button\">\n\t\t\t\t\t\t\t\t<a href=\"https:\/\/www.ccaward.com\/fr\/nominate\/\" target=\"\" class=\"btn btn-primary btn-solid\" title=\"Nominer votre entreprise\">\n\t\t\t\t\t\t\t\t\tNominer votre entreprise\t\t\t\t\t\t\t\t<\/a>\n\t\t\t\t\t\t\t<\/div>\n\t\t\t\t\t    \t\t\t\t\t<\/div>\n\t\t\t\t<\/div>\n\t\t\t<\/div>\n\t\t<\/div>\n\t<\/div>\n[\/vc_column][\/vc_row]<\/p>\n","protected":false},"excerpt":{"rendered":"<p>[vc_row][vc_column][basic_container container_size=&#8221;container container-narrow&#8221;][vc_empty_space][vc_column_text]Le Prix Choix du Consommateur est plus qu\u2019une entreprise de remise de prix. Il s\u2019agit d\u2019un organisme qui aide les gagnants \u00e0 raconter leur histoire, pr\u00e9senter leurs succ\u00e8s, promouvoir leur marque et accro\u00eetre leurs profits. Ces avantages sont &hellip; [&#8230;]<\/p>\n","protected":false},"author":1,"featured_media":5238,"parent":0,"menu_order":30,"comment_status":"closed","ping_status":"closed","template":"","meta":{"content-type":"","footnotes":""},"class_list":["post-3118","page","type-page","status-publish","has-post-thumbnail","hentry"],"_links":{"self":[{"href":"https:\/\/www.ccaward.com\/fr\/wp-json\/wp\/v2\/pages\/3118","targetHints":{"allow":["GET"]}}],"collection":[{"href":"https:\/\/www.ccaward.com\/fr\/wp-json\/wp\/v2\/pages"}],"about":[{"href":"https:\/\/www.ccaward.com\/fr\/wp-json\/wp\/v2\/types\/page"}],"author":[{"embeddable":true,"href":"https:\/\/www.ccaward.com\/fr\/wp-json\/wp\/v2\/users\/1"}],"replies":[{"embeddable":true,"href":"https:\/\/www.ccaward.com\/fr\/wp-json\/wp\/v2\/comments?post=3118"}],"version-history":[{"count":26,"href":"https:\/\/www.ccaward.com\/fr\/wp-json\/wp\/v2\/pages\/3118\/revisions"}],"predecessor-version":[{"id":12099,"href":"https:\/\/www.ccaward.com\/fr\/wp-json\/wp\/v2\/pages\/3118\/revisions\/12099"}],"wp:featuredmedia":[{"embeddable":true,"href":"https:\/\/www.ccaward.com\/fr\/wp-json\/wp\/v2\/media\/5238"}],"wp:attachment":[{"href":"https:\/\/www.ccaward.com\/fr\/wp-json\/wp\/v2\/media?parent=3118"}],"curies":[{"name":"wp","href":"https:\/\/api.w.org\/{rel}","templated":true}]}}