{"id":3119,"date":"2018-06-06T00:36:20","date_gmt":"2018-06-06T00:36:20","guid":{"rendered":"https:\/\/www.ccaward.com\/the-method\/"},"modified":"2021-02-09T19:56:40","modified_gmt":"2021-02-10T00:56:40","slug":"the-method","status":"publish","type":"page","link":"https:\/\/www.ccaward.com\/fr\/the-method\/","title":{"rendered":"La m\u00e9thode"},"content":{"rendered":"<p>[vc_row][vc_column][basic_container container_size=&#8221;container container-narrow&#8221;][vc_column_text]<\/p>\n<h2>Les gagnants ont pass\u00e9 \u00e0 travers un processus complexe d\u2019\u00e9valuation par les consommateurs.<\/h2>\n<p>Les opinions impartiales des clients sont recueillies, glan\u00e9es \u00e0 partir de sources en ligne et sur les m\u00e9dias sociaux par Advanced Symbolics International, (ASI), une soci\u00e9t\u00e9 nord-am\u00e9ricaine de recherche de march\u00e9 qui utilise l&#8217;Intelligence Artificielle.<\/p>\n<p>Le processus de s\u00e9lection dynamique du Prix Choix du Consommateur produit les r\u00e9sultats les plus sophistiqu\u00e9s \u00e0 ce jour. Cette m\u00e9thode fait en sorte que seules les entreprises les plus remarquables au Canada re\u00e7oivent ce prix prestigieux.[\/vc_column_text][vc_empty_space height=&#8221;4em&#8221;][\/basic_container][vc_separator border_width=&#8221;2&#8243;][\/vc_column][\/vc_row][vc_row][vc_column][basic_container container_size=&#8221;container container-narrow&#8221;][vc_column_text]<\/p>\n<h2 style=\"text-align: center;\">Notre processus de s\u00e9lection ind\u00e9pendant fait en sorte que les gagnants ne sont jamais le fruit du hasard. Ils ont pass\u00e9 \u00e0 travers un processus complexe d\u2019\u00e9valuation par les consommateurs r\u00e9alis\u00e9 \u00e0 l\u2019aide de m\u00e9gadonn\u00e9es.<\/h2>\n<p>[\/vc_column_text][\/basic_container][\/vc_column][\/vc_row][vc_row][vc_column][alternating_content_container]<div class=\"alternating-content-item-wrapper transparent\">\n\t<div class=\"container container-narrow\">\t\t\t\t\t\t<div class=\"alternating-content-item-image start-bg-center show-image\" ><img decoding=\"async\" src=\"https:\/\/www.ccaward.com\/app\/uploads\/2018\/08\/a.-Global-network-development-v0.3-1024x866.png\" alt=\"decorative image\"><\/div>\n\t\t\t\t\t<div class=\"alternating-content-item-content-container\">\n\t\t\t\t<div class=\"alternating-content-item-inner\">\n\t\t\t\t\t\t\t\t\t\t\t<h3 class=\"alternating-content-item-heading\">\n\t\t\t\t\t\t\tChoix des cat\u00e9gories\t\t\t\t\t\t<\/h3>\n\t\t\t\t\t\t\t\t\t\t\t\t\t\t\t\t<div class=\"alternating-content-item-content\">\n\t\t\t\t\t\t\t<p>Le PCC identifie les cat\u00e9gories commerciales qui comptent le plus pour les consommateurs d\u2019aujourd\u2019hui. Ces cat\u00e9gories ont \u00e9t\u00e9 standardis\u00e9es dans tous les march\u00e9s o\u00f9 nous sommes actifs. Nous tenons toujours compte des variations r\u00e9gionales, ainsi certaines villes ont des cat\u00e9gories commerciales uniques.<\/p>\n\t\t\t\t\t\t<\/div>\n\t\t\t\t\t\t\t\t\t\t\t\t\t\t<\/div>\n\t\t\t<\/div>\n\t\t<\/div>\n<\/div>\n<div class=\"alternating-content-item-wrapper transparent\">\n\t<div class=\"container container-narrow\">\t\t\t\t\t\t<div class=\"alternating-content-item-image start-bg-center show-image\" ><img decoding=\"async\" src=\"https:\/\/www.ccaward.com\/app\/uploads\/2018\/08\/b.-Isometric-magnifying-glass-and-Data-Analysis-v0.4-1024x753.png\" alt=\"decorative image\"><\/div>\n\t\t\t\t\t<div class=\"alternating-content-item-content-container\">\n\t\t\t\t<div class=\"alternating-content-item-inner\">\n\t\t\t\t\t\t\t\t\t\t\t<h3 class=\"alternating-content-item-heading\">\n\t\t\t\t\t\t\tConstitution des cat\u00e9gories\t\t\t\t\t\t<\/h3>\n\t\t\t\t\t\t\t\t\t\t\t\t\t\t\t\t<div class=\"alternating-content-item-content\">\n\t\t\t\t\t\t\t<p>Advanced Symbolics International (ASI) utilise son outil exclusif d&#8217;intelligence artificielle (Polly) pour rassembler toutes les entreprises d&#8217;un territoire g\u00e9ographique afin d&#8217;\u00e9tablir un univers complet de comptes par cat\u00e9gorie.<\/p>\n\t\t\t\t\t\t<\/div>\n\t\t\t\t\t\t\t\t\t\t\t\t\t\t<\/div>\n\t\t\t<\/div>\n\t\t<\/div>\n<\/div>\n<div class=\"alternating-content-item-wrapper transparent\">\n\t<div class=\"container container-narrow\">\t\t\t\t\t\t<div class=\"alternating-content-item-image start-bg-center show-image\" ><img decoding=\"async\" src=\"https:\/\/www.ccaward.com\/app\/uploads\/2018\/08\/c.-Isometric-data-plan-v0.3-982x1024.png\" alt=\"decorative image\"><\/div>\n\t\t\t\t\t<div class=\"alternating-content-item-content-container\">\n\t\t\t\t<div class=\"alternating-content-item-inner\">\n\t\t\t\t\t\t\t\t\t\t\t<h3 class=\"alternating-content-item-heading\">\n\t\t\t\t\t\t\tQualification des entreprises pertinentes\t\t\t\t\t\t<\/h3>\n\t\t\t\t\t\t\t\t\t\t\t\t\t\t\t\t<div class=\"alternating-content-item-content\">\n\t\t\t\t\t\t\t<p>L&#8217;univers des comptes fournis par ASI est en outre contr\u00f4l\u00e9 par le Choix du Consommateur pour garantir que toutes les entreprises fournies n&#8217;ont aucun probl\u00e8me juridique ou \u00e9thique qui les exclurait de toute consid\u00e9ration.<\/p>\n\t\t\t\t\t\t<\/div>\n\t\t\t\t\t\t\t\t\t\t\t\t\t\t<\/div>\n\t\t\t<\/div>\n\t\t<\/div>\n<\/div>\n<div class=\"alternating-content-item-wrapper transparent\">\n\t<div class=\"container container-narrow\">\t\t\t\t\t\t<div class=\"alternating-content-item-image start-bg-center show-image\" ><img decoding=\"async\" src=\"https:\/\/www.ccaward.com\/app\/uploads\/2018\/09\/e.-Businessman-businesswoman-lifts-medal-together-956x1024-fr-956x1024.png\" alt=\"decorative image\"><\/div>\n\t\t\t\t\t<div class=\"alternating-content-item-content-container\">\n\t\t\t\t<div class=\"alternating-content-item-inner\">\n\t\t\t\t\t\t\t\t\t\t\t<h3 class=\"alternating-content-item-heading\">\n\t\t\t\t\t\t\tNomination des gagnants\t\t\t\t\t\t<\/h3>\n\t\t\t\t\t\t\t\t\t\t\t\t\t\t\t\t<div class=\"alternating-content-item-content\">\n\t\t\t\t\t\t\t<p>Apr\u00e8s avoir dress\u00e9 la liste des entreprises, nous int\u00e9grons les renseignements sur le march\u00e9 aux r\u00e9sultats fournis par l&#8217;Intelligence Artificielle.\u00a0 Ainsi, nous pouvons avec certitude classer toutes les entreprises et leur accorder le statut de fournisseur de services le mieux class\u00e9.<\/p>\n\t\t\t\t\t\t<\/div>\n\t\t\t\t\t\t\t\t\t\t\t\t\t\t<\/div>\n\t\t\t<\/div>\n\t\t<\/div>\n<\/div>\n[\/alternating_content_container][\/vc_column][\/vc_row][vc_row][vc_column]\t<div class=\"row\" >\n\t\t<div class=\"general-cta center content-left  image \"  style=\"background-image: url(https:\/\/www.ccaward.com\/app\/uploads\/2018\/07\/iStock-952114776-1860x629.jpg)\" data-src=\"<380:https:\/\/www.ccaward.com\/app\/uploads\/2018\/07\/iStock-952114776-380x300.jpg,<500:https:\/\/www.ccaward.com\/app\/uploads\/2018\/07\/iStock-952114776-500x300.jpg,<768:https:\/\/www.ccaward.com\/app\/uploads\/2018\/07\/iStock-952114776-768x500.jpg,<992:https:\/\/www.ccaward.com\/app\/uploads\/2018\/07\/iStock-952114776-992x1414.jpg,<1200:https:\/\/www.ccaward.com\/app\/uploads\/2018\/07\/iStock-952114776-1200x1414.jpg,>1200:https:\/\/www.ccaward.com\/app\/uploads\/2018\/07\/iStock-952114776-1860x629.jpg\">\n\t\t\t\t\t\t<div class=\"general-cta-overlay overlay-secondary\"><\/div>\n\t\t\t\t\t\t\t<div class=\"container container-narrow\">\n\t\t\t\t\t\t\t<div class=\"row\">\n\t\t\t\t\t<div class=\"general-cta-box\">\n\t\t\t\t\t\t\t\t\t\t\t\t\t\t\t\t\t\t\t\t\t\t\t\t\t<div class=\"general-cta-content\">\n\t\t\t\t\t\t\t\t<h2>Ce processus complet et impartial assure aux gagnants qu\u2019ils ont \u00e9t\u00e9 s\u00e9lectionn\u00e9s selon leur m\u00e9rite.<\/h2>\n<p>Le sceau d\u2019excellence du PCC est remis uniquement au meilleur des meilleurs.<\/p>\n\t\t\t\t\t\t\t<\/div>\n\t\t\t\t\t\t\t\t\t\t\t\t\t\t\t\t\t\t\t<div class=\"general-cta-button\">\n\t\t\t\t\t\t\t\t<a href=\"https:\/\/www.ccaward.com\/fr\/advantages\/\" target=\"\" class=\"btn btn-primary btn-solid\" title=\"Avantages d'\u00eatre Laur\u00e9at du Prix du Choix du Consommateur.\">\n\t\t\t\t\t\t\t\t\tAvantages d'\u00eatre Laur\u00e9at du Prix du Choix du Consommateur.\t\t\t\t\t\t\t\t<\/a>\n\t\t\t\t\t\t\t<\/div>\n\t\t\t\t\t    \t\t\t\t\t<\/div>\n\t\t\t\t<\/div>\n\t\t\t<\/div>\n\t\t<\/div>\n\t<\/div>\n[\/vc_column][\/vc_row]<\/p>\n","protected":false},"excerpt":{"rendered":"<p>[vc_row][vc_column][basic_container container_size=&#8221;container container-narrow&#8221;][vc_column_text]<\/p>\n<p> Les gagnants ont pass\u00e9 \u00e0 travers un processus complexe d\u2019\u00e9valuation par les consommateurs. <\/p>\n<p>Les opinions impartiales des clients sont recueillies, glan\u00e9es \u00e0 partir de sources en ligne et sur les m\u00e9dias sociaux par Advanced Symbolics International, (ASI), &hellip; [&#8230;]<\/p>\n","protected":false},"author":1,"featured_media":3250,"parent":0,"menu_order":20,"comment_status":"closed","ping_status":"closed","template":"","meta":{"content-type":"","footnotes":""},"class_list":["post-3119","page","type-page","status-publish","has-post-thumbnail","hentry"],"_links":{"self":[{"href":"https:\/\/www.ccaward.com\/fr\/wp-json\/wp\/v2\/pages\/3119","targetHints":{"allow":["GET"]}}],"collection":[{"href":"https:\/\/www.ccaward.com\/fr\/wp-json\/wp\/v2\/pages"}],"about":[{"href":"https:\/\/www.ccaward.com\/fr\/wp-json\/wp\/v2\/types\/page"}],"author":[{"embeddable":true,"href":"https:\/\/www.ccaward.com\/fr\/wp-json\/wp\/v2\/users\/1"}],"replies":[{"embeddable":true,"href":"https:\/\/www.ccaward.com\/fr\/wp-json\/wp\/v2\/comments?post=3119"}],"version-history":[{"count":20,"href":"https:\/\/www.ccaward.com\/fr\/wp-json\/wp\/v2\/pages\/3119\/revisions"}],"predecessor-version":[{"id":12097,"href":"https:\/\/www.ccaward.com\/fr\/wp-json\/wp\/v2\/pages\/3119\/revisions\/12097"}],"wp:featuredmedia":[{"embeddable":true,"href":"https:\/\/www.ccaward.com\/fr\/wp-json\/wp\/v2\/media\/3250"}],"wp:attachment":[{"href":"https:\/\/www.ccaward.com\/fr\/wp-json\/wp\/v2\/media?parent=3119"}],"curies":[{"name":"wp","href":"https:\/\/api.w.org\/{rel}","templated":true}]}}