{"id":3120,"date":"2018-06-06T00:36:19","date_gmt":"2018-06-06T00:36:19","guid":{"rendered":"https:\/\/www.ccaward.com\/home\/"},"modified":"2019-08-20T13:34:18","modified_gmt":"2019-08-20T17:34:18","slug":"home","status":"publish","type":"page","link":"https:\/\/www.ccaward.com\/fr\/","title":{"rendered":"Accueil"},"content":{"rendered":"<p>[vc_row][vc_column]<noscript>\n\t<style>\n\t\t\/* zazzify fallback *\/\n\t\t.hero-banner-main-heading {\n\t\t\topacity: 1;\n\t\t}\n\t<\/style>\n<\/noscript>\n\n<div class=\"hero-wrapper full-height\" >\n\t\t<div class=\"hero-content-container\">\n\t\t<div class=\"hero-content-inner middle-right mobile-none\">\n\t\t\t\t\t\t\t<img decoding=\"async\" class=\"hero-logo\" src=\"https:\/\/www.ccaward.com\/app\/uploads\/2018\/09\/Choix_Du_Consommateur_French-422x500.png\" alt=\"h\">\n\t\t\t\t\t\t\t\t\t\t<h1 class=\"hero-banner-main-heading\">Les transactions intelligentes sont le fruit du <em>choix<\/em>, pas du <em>hasard<\/em>.<\/h1>\n\t\t\t\t\t\t\t\t\t\t\t\t\t\t<\/div>\n\t<\/div>\n\t\t\t\t<button class=\"hero-scroll-button\">\n\t\t<span class=\"sr-only\">Scroll down<\/span>\n\t<\/button>\n<\/div>\n[\/vc_column][\/vc_row][vc_row el_class=&#8221;coins&#8221;][vc_column]\t<div class=\"row\" >\n\t\t<div class=\"general-cta center content-left  image \" >\n\t\t\t\t\t\t<div class=\"general-cta-overlay none\"><\/div>\n\t\t\t\t\t\t\t<div class=\"container container-narrow\">\n\t\t\t\t\t\t\t<div class=\"row\">\n\t\t\t\t\t<div class=\"general-cta-box\">\n\t\t\t\t\t\t\t\t\t\t\t\t\t\t\t\t\t\t\t\t\t\t\t\t\t<div class=\"general-cta-content\">\n\t\t\t\t\t\t\t\t<h2>Reconna\u00eetre et encourager\u00a0<i>l&#8217;excellence en affaires<\/i>\u00a0au Canada depuis plus de 30 ans.<\/h2>\n\t\t\t\t\t\t\t<\/div>\n\t\t\t\t\t\t\t\t\t\t\t\t\t\t\t\t\t\t\t<div class=\"general-cta-button\">\n\t\t\t\t\t\t\t\t<a href=\"https:\/\/www.ccaward.com\/fr\/about\/\" target=\"\" class=\"btn btn-primary \" title=\"\u00c0 Propos\">\n\t\t\t\t\t\t\t\t\tQui sommes-nous?\t\t\t\t\t\t\t\t<\/a>\n\t\t\t\t\t\t\t<\/div>\n\t\t\t\t\t    \t\t\t\t\t<\/div>\n\t\t\t\t<\/div>\n\t\t\t<\/div>\n\t\t<\/div>\n\t<\/div>\n[\/vc_column][\/vc_row][vc_row el_class=&#8221;extra-margin map&#8221;][vc_column]\t<div class=\"row\" >\n\t\t<div class=\"general-cta start-bg-left full-height-right  image \"  style=\"background-image: url(https:\/\/www.ccaward.com\/app\/uploads\/2018\/09\/Banner-Img-Full-1860x939.jpg)\" data-src=\"<380:https:\/\/www.ccaward.com\/app\/uploads\/2018\/09\/Banner-Img-Full-380x300.jpg,<500:https:\/\/www.ccaward.com\/app\/uploads\/2018\/09\/Banner-Img-Full-500x300.jpg,<768:https:\/\/www.ccaward.com\/app\/uploads\/2018\/09\/Banner-Img-Full-768x500.jpg,<992:https:\/\/www.ccaward.com\/app\/uploads\/2018\/09\/Banner-Img-Full-992x1010.jpg,<1200:https:\/\/www.ccaward.com\/app\/uploads\/2018\/09\/Banner-Img-Full-1200x1010.jpg,>1200:https:\/\/www.ccaward.com\/app\/uploads\/2018\/09\/Banner-Img-Full-1860x939.jpg\">\n\t\t\t\t\t\t<div class=\"general-cta-overlay none\"><\/div>\n\t\t\t\t\t\t\t<div class=\"container container-narrow\">\n\t\t\t\t\t\t\t<div class=\"row\">\n\t\t\t\t\t<div class=\"general-cta-box\">\n\t\t\t\t\t\t\t\t\t\t\t\t\t\t\t\t\t\t\t\t\t\t\t\t\t<div class=\"general-cta-content\">\n\t\t\t\t\t\t\t\t<h2>Plus de 1 000 entreprises <em>prim\u00e9es d\u2019un oc\u00e9an \u00e0 l\u2019autre <\/em><\/h2>\n\t\t\t\t\t\t\t<\/div>\n\t\t\t\t\t\t\t\t\t\t\t\t\t\t\t\t\t\t\t<div class=\"general-cta-button\">\n\t\t\t\t\t\t\t\t<a href=\"https:\/\/www.ccaward.com\/fr\/award-winners\/\" target=\"\" class=\"btn btn-primary \" title=\"Award Winners\">\n\t\t\t\t\t\t\t\t\tChoisissez un gagnant pr\u00e8s de chez vous\t\t\t\t\t\t\t\t<\/a>\n\t\t\t\t\t\t\t<\/div>\n\t\t\t\t\t    \t\t\t\t\t<\/div>\n\t\t\t\t<\/div>\n\t\t\t<\/div>\n\t\t<\/div>\n\t<\/div>\n[\/vc_column][\/vc_row][vc_row el_class=&#8221;logo-right&#8221;][vc_column]\t<div class=\"row\" >\n\t\t<div class=\"general-cta start-bg-right full-height-left  image \" >\n\t\t\t\t\t\t<div class=\"general-cta-overlay none\"><\/div>\n\t\t\t\t\t\t\t<div class=\"container container-narrow\">\n\t\t\t\t\t\t\t<div class=\"row\">\n\t\t\t\t\t<div class=\"general-cta-box\">\n\t\t\t\t\t\t\t\t\t\t\t\t\t\t\t\t\t\t\t<div class=\"general-cta-logos\">\n\t\t\t\t\t\t\t\t\t\t\t\t\t\t\t\t\t\t\t\t\t\t\t\t\t\t<img decoding=\"async\" src=\"https:\/\/www.ccaward.com\/app\/uploads\/2018\/11\/Pie_chart_op2_Alpha_crop.gif\" alt=\"\"\/>\n\t\t\t\t\t\t\t\t\t\t\t\t\t\t\t<\/div>\n\t\t\t\t\t\t\t\t\t\t\t\t\t\t\t\t\t\t\t<div class=\"general-cta-content\">\n\t\t\t\t\t\t\t\t<h2>Nous sommes le seul organisme canadien de remise de prix qui s&#8217;appuye sur des recherches <em>statistiques<\/em> ind\u00e9pendantes<\/h2>\n<p>Cette m\u00e9thode fait en sorte que seules les entreprises les plus remarquables au Canada re\u00e7oivent ce prix prestigieux<\/p>\n\t\t\t\t\t\t\t<\/div>\n\t\t\t\t\t\t\t\t\t\t\t\t\t\t\t\t\t<\/div>\n\t\t\t\t<\/div>\n\t\t\t<\/div>\n\t\t<\/div>\n\t<\/div>\n[\/vc_column][\/vc_row][vc_row el_class=&#8221;logo-left&#8221;][vc_column]\t<div class=\"row\" >\n\t\t<div class=\"general-cta start-bg-left full-height-right gold-border image \" >\n\t\t\t\t\t\t<div class=\"general-cta-overlay none\"><\/div>\n\t\t\t\t\t\t\t<div class=\"container container-narrow\">\n\t\t\t\t\t\t\t<div class=\"row\">\n\t\t\t\t\t<div class=\"general-cta-box\">\n\t\t\t\t\t\t\t\t\t\t\t\t\t\t\t\t\t\t\t<div class=\"general-cta-logos\">\n\t\t\t\t\t\t\t\t\t\t\t\t\t\t\t\t\t\t\t\t\t\t\t\t\t\t<img decoding=\"async\" src=\"https:\/\/www.ccaward.com\/app\/uploads\/2018\/11\/Elements_Alpha_crop.gif\" alt=\"\"\/>\n\t\t\t\t\t\t\t\t\t\t\t\t\t\t\t<\/div>\n\t\t\t\t\t\t\t\t\t\t\t\t\t\t\t\t\t\t\t<div class=\"general-cta-content\">\n\t\t\t\t\t\t\t\t<h2 class=\"blue-heading\">LE FONCTIONNEMENT<\/h2>\n<h2>Choisir les meilleurs \u00e0 l\u2019aide de <em>donn\u00e9es objectives ind\u00e9pendantes<\/em><\/h2>\n<p>Notre processus de s\u00e9lection ind\u00e9pendant fait en sorte que les gagnants ne sont jamais le fruit du hasard. Ils ont pass\u00e9 \u00e0 travers un processus complexe d\u2019\u00e9valuation par les consommateurs r\u00e9alis\u00e9 \u00e0 l\u2019aide de m\u00e9gadonn\u00e9es.<\/p>\n\t\t\t\t\t\t\t<\/div>\n\t\t\t\t\t\t\t\t\t\t\t\t\t\t\t\t\t\t\t<div class=\"general-cta-button\">\n\t\t\t\t\t\t\t\t<a href=\"https:\/\/www.ccaward.com\/fr\/the-method\/\" target=\"\" class=\"btn btn-primary btn-link-plain\" title=\"The Method\">\n\t\t\t\t\t\t\t\t\tEn Savoir Plus<span class=\"icon icon-arrow-right\"><\/span> \t\t\t\t\t\t\t\t<\/a>\n\t\t\t\t\t\t\t<\/div>\n\t\t\t\t\t    \t\t\t\t\t<\/div>\n\t\t\t\t<\/div>\n\t\t\t<\/div>\n\t\t<\/div>\n\t<\/div>\n[\/vc_column][\/vc_row][vc_row][vc_column][vc_empty_space height=&#8221;64px&#8221;][informational_container heading=&#8221;POURQUOI CELA FONCTIONNE&#8221;]<div class=\"informational-item\" >\n\t\t<div class=\"container container-narrow informationals-item-inner\">\n\t\t<div class=\"informationals-item-content\">\n\t\t\t<h2 class=\"informationals-item-heading\">Diff\u00e9renciez-vous de vos concurrents<\/h2>\n\t\t\t<p>Il n\u2019y a qu\u2019un seul gagnant par cat\u00e9gorie dans chaque ville. Ainsi, il n\u2019existe pas de meilleur diff\u00e9renciateur dans le march\u00e9 aujourd\u2019hui.<\/p>\t\t<\/div>\n\n\t<\/div>\n<\/div>\n<div class=\"informational-item bg-light\" >\n\t\t<div class=\"container container-narrow informationals-item-inner\">\n\t\t<div class=\"informationals-item-content\">\n\t\t\t<h2 class=\"informationals-item-heading\">Renforcement de la d\u00e9cision d\u2019achat<\/h2>\n\t\t\t<p>Lors du choix d\u2019un fournisseur de services, les consommateurs accorderont toujours plus d\u2019importance \u00e0 la r\u00e9putation qu\u2019au prix. Le logo de PCC leur donne la confiance dont ils ont besoin.<\/p>\t\t<\/div>\n\n\t<\/div>\n<\/div>\n<div class=\"informational-item\" >\n\t\t<div class=\"container container-narrow informationals-item-inner\">\n\t\t<div class=\"informationals-item-content\">\n\t\t\t<h2 class=\"informationals-item-heading\">Racontez votre histoire<\/h2>\n\t\t\t<p>Beaucoup plus qu\u2019un insigne d\u2019honneur. Recevoir le prestigieux Prix Choix du Consommateur ouvre la porte \u00e0 une foule de possibilit\u00e9s. Les gagnants profitent d\u2019initiatives de marketing avant-gardistes exclusives qui montrent aux consommateurs quelles sont les meilleures entreprises du Canada.<\/p>\t\t<\/div>\n\n\t<\/div>\n<\/div>\n[\/informational_container][\/vc_column][\/vc_row][vc_row][vc_column][multi_button_cta gold_border=&#8221;true&#8221; heading=&#8221;Des entreprises de confiance.&#8221; logo=&#8221;5056&#8243;]\t<div class=\"text-center\">\n\t\t<a class=\"general-button btn btn-primary btn-link-plain\" href=\"https:\/\/www.ccaward.com\/fr\/about\/\" rel=\"\" target=\"\" title=\"Plus d\u2019informations pour les entreprises\">\n\t\t\tPlus d\u2019informations pour les entreprises<span class=\"icon icon-arrow-right\"><\/span> \t\t<\/a>\n\t<\/div>\n\t<div class=\"text-center\">\n\t\t<a class=\"general-button btn btn-primary \" href=\"https:\/\/www.ccaward.com\/fr\/award-winners\/\" rel=\"\" target=\"\" title=\"Trouver une entreprise pr\u00e8s de chez vous\">\n\t\t\tTrouver une entreprise pr\u00e8s de chez vous<span class=\"icon icon-arrow-right\"><\/span> \t\t<\/a>\n\t<\/div>\n[\/multi_button_cta][\/vc_column][\/vc_row]<\/p>\n","protected":false},"excerpt":{"rendered":"<p>[vc_row][vc_column][\/vc_column][\/vc_row][vc_row el_class=&#8221;coins&#8221;][vc_column][\/vc_column][\/vc_row][vc_row el_class=&#8221;extra-margin map&#8221;][vc_column][\/vc_column][\/vc_row][vc_row el_class=&#8221;logo-right&#8221;][vc_column][\/vc_column][\/vc_row][vc_row el_class=&#8221;logo-left&#8221;][vc_column][\/vc_column][\/vc_row][vc_row][vc_column][vc_empty_space height=&#8221;64px&#8221;][informational_container heading=&#8221;POURQUOI CELA FONCTIONNE&#8221;][\/informational_container][\/vc_column][\/vc_row][vc_row][vc_column][multi_button_cta gold_border=&#8221;true&#8221; heading=&#8221;Des entreprises de confiance.&#8221; logo=&#8221;5056&#8243;][\/multi_button_cta][\/vc_column][\/vc_row]<\/p>\n","protected":false},"author":1,"featured_media":0,"parent":0,"menu_order":10,"comment_status":"closed","ping_status":"closed","template":"","meta":{"content-type":"","footnotes":""},"class_list":["post-3120","page","type-page","status-publish","hentry"],"_links":{"self":[{"href":"https:\/\/www.ccaward.com\/fr\/wp-json\/wp\/v2\/pages\/3120","targetHints":{"allow":["GET"]}}],"collection":[{"href":"https:\/\/www.ccaward.com\/fr\/wp-json\/wp\/v2\/pages"}],"about":[{"href":"https:\/\/www.ccaward.com\/fr\/wp-json\/wp\/v2\/types\/page"}],"author":[{"embeddable":true,"href":"https:\/\/www.ccaward.com\/fr\/wp-json\/wp\/v2\/users\/1"}],"replies":[{"embeddable":true,"href":"https:\/\/www.ccaward.com\/fr\/wp-json\/wp\/v2\/comments?post=3120"}],"version-history":[{"count":20,"href":"https:\/\/www.ccaward.com\/fr\/wp-json\/wp\/v2\/pages\/3120\/revisions"}],"predecessor-version":[{"id":9426,"href":"https:\/\/www.ccaward.com\/fr\/wp-json\/wp\/v2\/pages\/3120\/revisions\/9426"}],"wp:attachment":[{"href":"https:\/\/www.ccaward.com\/fr\/wp-json\/wp\/v2\/media?parent=3120"}],"curies":[{"name":"wp","href":"https:\/\/api.w.org\/{rel}","templated":true}]}}